{"id":413,"date":"2024-03-18T13:02:35","date_gmt":"2024-03-18T18:02:35","guid":{"rendered":"https:\/\/fundacionsoymujercolombia.com\/?page_id=413"},"modified":"2024-03-18T13:11:53","modified_gmt":"2024-03-18T18:11:53","slug":"deseo-donar","status":"publish","type":"page","link":"https:\/\/fundacionsoymujercolombia.com\/index.php\/deseo-donar\/","title":{"rendered":"DESEO DONAR"},"content":{"rendered":"\t\t<div data-elementor-type=\"wp-page\" data-elementor-id=\"413\" class=\"elementor elementor-413\">\n\t\t\t\t\t\t<section class=\"elementor-section elementor-top-section elementor-element elementor-element-47c18d5 elementor-section-boxed elementor-section-height-default elementor-section-height-default\" data-id=\"47c18d5\" data-element_type=\"section\" data-e-type=\"section\">\n\t\t\t\t\t\t<div class=\"elementor-container elementor-column-gap-default\">\n\t\t\t\t\t<div class=\"elementor-column elementor-col-100 elementor-top-column elementor-element elementor-element-5330878\" data-id=\"5330878\" data-element_type=\"column\" data-e-type=\"column\">\n\t\t\t<div class=\"elementor-widget-wrap elementor-element-populated\">\n\t\t\t\t\t\t<div class=\"elementor-element elementor-element-0766429 elementor-widget elementor-widget-heading\" data-id=\"0766429\" data-element_type=\"widget\" data-e-type=\"widget\" data-widget_type=\"heading.default\">\n\t\t\t\t<div class=\"elementor-widget-container\">\n\t\t\t\t\t<h2 class=\"elementor-heading-title elementor-size-default\">PUEDES HACER TUS DONACIONES DE LA SIGUIENTE FORMA <\/h2>\t\t\t\t<\/div>\n\t\t\t\t<\/div>\n\t\t\t\t<div class=\"elementor-element elementor-element-5923bb9 elementor-widget elementor-widget-spacer\" data-id=\"5923bb9\" data-element_type=\"widget\" data-e-type=\"widget\" data-widget_type=\"spacer.default\">\n\t\t\t\t<div class=\"elementor-widget-container\">\n\t\t\t\t\t\t\t<div class=\"elementor-spacer\">\n\t\t\t<div class=\"elementor-spacer-inner\"><\/div>\n\t\t<\/div>\n\t\t\t\t\t\t<\/div>\n\t\t\t\t<\/div>\n\t\t\t\t\t<\/div>\n\t\t<\/div>\n\t\t\t\t\t<\/div>\n\t\t<\/section>\n\t\t\t\t<section class=\"elementor-section elementor-top-section elementor-element elementor-element-df2e2a9 elementor-section-boxed elementor-section-height-default elementor-section-height-default\" data-id=\"df2e2a9\" data-element_type=\"section\" data-e-type=\"section\">\n\t\t\t\t\t\t<div class=\"elementor-container elementor-column-gap-default\">\n\t\t\t\t\t<div class=\"elementor-column elementor-col-50 elementor-top-column elementor-element elementor-element-2d69005\" data-id=\"2d69005\" data-element_type=\"column\" data-e-type=\"column\">\n\t\t\t<div class=\"elementor-widget-wrap elementor-element-populated\">\n\t\t\t\t\t\t<div class=\"elementor-element elementor-element-155c753 elementor-widget elementor-widget-image\" data-id=\"155c753\" data-element_type=\"widget\" data-e-type=\"widget\" data-widget_type=\"image.default\">\n\t\t\t\t<div class=\"elementor-widget-container\">\n\t\t\t\t\t\t\t\t\t\t\t\t\t\t\t<img fetchpriority=\"high\" decoding=\"async\" width=\"1024\" height=\"1024\" src=\"https:\/\/fundacionsoymujercolombia.com\/wp-content\/uploads\/2024\/02\/Picsart_22-01-13_13-28-03-402-1-scaled.png\" class=\"attachment-large size-large wp-image-199\" alt=\"\" srcset=\"https:\/\/fundacionsoymujercolombia.com\/wp-content\/uploads\/2024\/02\/Picsart_22-01-13_13-28-03-402-1-1024x1024.png 1024w, https:\/\/fundacionsoymujercolombia.com\/wp-content\/uploads\/2024\/02\/Picsart_22-01-13_13-28-03-402-1-300x300.png 300w, https:\/\/fundacionsoymujercolombia.com\/wp-content\/uploads\/2024\/02\/Picsart_22-01-13_13-28-03-402-1-100x100.png 100w, https:\/\/fundacionsoymujercolombia.com\/wp-content\/uploads\/2024\/02\/Picsart_22-01-13_13-28-03-402-1-600x600.png 600w, https:\/\/fundacionsoymujercolombia.com\/wp-content\/uploads\/2024\/02\/Picsart_22-01-13_13-28-03-402-1-150x150.png 150w, https:\/\/fundacionsoymujercolombia.com\/wp-content\/uploads\/2024\/02\/Picsart_22-01-13_13-28-03-402-1-768x768.png 768w, https:\/\/fundacionsoymujercolombia.com\/wp-content\/uploads\/2024\/02\/Picsart_22-01-13_13-28-03-402-1-1536x1536.png 1536w, https:\/\/fundacionsoymujercolombia.com\/wp-content\/uploads\/2024\/02\/Picsart_22-01-13_13-28-03-402-1-2048x2048.png 2048w, https:\/\/fundacionsoymujercolombia.com\/wp-content\/uploads\/2024\/02\/Picsart_22-01-13_13-28-03-402-1-1320x1320.png 1320w\" sizes=\"(max-width: 1024px) 100vw, 1024px\" \/>\t\t\t\t\t\t\t\t\t\t\t\t\t\t\t<\/div>\n\t\t\t\t<\/div>\n\t\t\t\t\t<\/div>\n\t\t<\/div>\n\t\t\t\t<div class=\"elementor-column elementor-col-50 elementor-top-column elementor-element elementor-element-37c0166\" data-id=\"37c0166\" data-element_type=\"column\" data-e-type=\"column\">\n\t\t\t<div class=\"elementor-widget-wrap elementor-element-populated\">\n\t\t\t\t\t\t<div class=\"elementor-element elementor-element-e88ffcf elementor-widget elementor-widget-text-editor\" data-id=\"e88ffcf\" data-element_type=\"widget\" data-e-type=\"widget\" data-widget_type=\"text-editor.default\">\n\t\t\t\t<div class=\"elementor-widget-container\">\n\t\t\t\t\t\t\t\t\t<p><br><\/p><p><br><\/p><p><br><\/p><p><br><\/p><p>Gracias a todos&nbsp; por sumarse a esta causa y contribuir desde sus plataformas para llegar a m\u00e1s corazones solidarios!&nbsp;<\/p>\n<p>Tambi\u00e9n&nbsp; puedes hacer tu dep\u00f3sito a la cuenta de ahorros&nbsp; Bancolombia&nbsp;<\/p>\n<p>#68800006909<\/p>\n<p>Si deseas m\u00e1s informaci\u00f3n puedes comunicarte con nosotras por WhatsApp a la l\u00ednea telef\u00f3nica +57 312 5754182<\/p>\n<p>Cada peque\u00f1o APORTE nos ayuda a alcanzar nuestro objetivo<\/p>\t\t\t\t\t\t\t\t<\/div>\n\t\t\t\t<\/div>\n\t\t\t\t\t<\/div>\n\t\t<\/div>\n\t\t\t\t\t<\/div>\n\t\t<\/section>\n\t\t\t\t<section class=\"elementor-section elementor-top-section elementor-element elementor-element-884064e elementor-section-boxed elementor-section-height-default elementor-section-height-default\" data-id=\"884064e\" data-element_type=\"section\" data-e-type=\"section\">\n\t\t\t\t\t\t<div class=\"elementor-container elementor-column-gap-default\">\n\t\t\t\t\t<div class=\"elementor-column elementor-col-33 elementor-top-column elementor-element elementor-element-5b8fdb1\" data-id=\"5b8fdb1\" data-element_type=\"column\" data-e-type=\"column\">\n\t\t\t<div class=\"elementor-widget-wrap elementor-element-populated\">\n\t\t\t\t\t\t<div class=\"elementor-element elementor-element-dc3d1ae elementor-widget elementor-widget-image\" data-id=\"dc3d1ae\" data-element_type=\"widget\" data-e-type=\"widget\" data-widget_type=\"image.default\">\n\t\t\t\t<div class=\"elementor-widget-container\">\n\t\t\t\t\t\t\t\t\t\t\t\t\t\t\t<img decoding=\"async\" width=\"1024\" height=\"1024\" src=\"https:\/\/fundacionsoymujercolombia.com\/wp-content\/uploads\/2024\/03\/COMO-DONAR--1024x1024.png\" class=\"attachment-large size-large wp-image-419\" alt=\"\" srcset=\"https:\/\/fundacionsoymujercolombia.com\/wp-content\/uploads\/2024\/03\/COMO-DONAR--1024x1024.png 1024w, https:\/\/fundacionsoymujercolombia.com\/wp-content\/uploads\/2024\/03\/COMO-DONAR--300x300.png 300w, https:\/\/fundacionsoymujercolombia.com\/wp-content\/uploads\/2024\/03\/COMO-DONAR--100x100.png 100w, https:\/\/fundacionsoymujercolombia.com\/wp-content\/uploads\/2024\/03\/COMO-DONAR--600x600.png 600w, https:\/\/fundacionsoymujercolombia.com\/wp-content\/uploads\/2024\/03\/COMO-DONAR--150x150.png 150w, https:\/\/fundacionsoymujercolombia.com\/wp-content\/uploads\/2024\/03\/COMO-DONAR--768x768.png 768w, https:\/\/fundacionsoymujercolombia.com\/wp-content\/uploads\/2024\/03\/COMO-DONAR-.png 1080w\" sizes=\"(max-width: 1024px) 100vw, 1024px\" \/>\t\t\t\t\t\t\t\t\t\t\t\t\t\t\t<\/div>\n\t\t\t\t<\/div>\n\t\t\t\t\t<\/div>\n\t\t<\/div>\n\t\t\t\t<div class=\"elementor-column elementor-col-33 elementor-top-column elementor-element elementor-element-1d5cc43\" data-id=\"1d5cc43\" data-element_type=\"column\" data-e-type=\"column\">\n\t\t\t<div class=\"elementor-widget-wrap elementor-element-populated\">\n\t\t\t\t\t\t<div class=\"elementor-element elementor-element-66050d8 elementor-widget elementor-widget-image\" data-id=\"66050d8\" data-element_type=\"widget\" data-e-type=\"widget\" data-widget_type=\"image.default\">\n\t\t\t\t<div class=\"elementor-widget-container\">\n\t\t\t\t\t\t\t\t\t\t\t\t\t\t\t<img decoding=\"async\" width=\"1024\" height=\"1024\" src=\"https:\/\/fundacionsoymujercolombia.com\/wp-content\/uploads\/2024\/03\/Texto-del-parrafo-1024x1024.png\" class=\"attachment-large size-large wp-image-420\" alt=\"\" srcset=\"https:\/\/fundacionsoymujercolombia.com\/wp-content\/uploads\/2024\/03\/Texto-del-parrafo-1024x1024.png 1024w, https:\/\/fundacionsoymujercolombia.com\/wp-content\/uploads\/2024\/03\/Texto-del-parrafo-300x300.png 300w, https:\/\/fundacionsoymujercolombia.com\/wp-content\/uploads\/2024\/03\/Texto-del-parrafo-100x100.png 100w, https:\/\/fundacionsoymujercolombia.com\/wp-content\/uploads\/2024\/03\/Texto-del-parrafo-600x600.png 600w, https:\/\/fundacionsoymujercolombia.com\/wp-content\/uploads\/2024\/03\/Texto-del-parrafo-150x150.png 150w, https:\/\/fundacionsoymujercolombia.com\/wp-content\/uploads\/2024\/03\/Texto-del-parrafo-768x768.png 768w, https:\/\/fundacionsoymujercolombia.com\/wp-content\/uploads\/2024\/03\/Texto-del-parrafo.png 1080w\" sizes=\"(max-width: 1024px) 100vw, 1024px\" \/>\t\t\t\t\t\t\t\t\t\t\t\t\t\t\t<\/div>\n\t\t\t\t<\/div>\n\t\t\t\t\t<\/div>\n\t\t<\/div>\n\t\t\t\t<div class=\"elementor-column elementor-col-33 elementor-top-column elementor-element elementor-element-aa91a7a\" data-id=\"aa91a7a\" data-element_type=\"column\" data-e-type=\"column\">\n\t\t\t<div class=\"elementor-widget-wrap elementor-element-populated\">\n\t\t\t\t\t\t<div class=\"elementor-element elementor-element-775f81c elementor-widget elementor-widget-image\" data-id=\"775f81c\" data-element_type=\"widget\" data-e-type=\"widget\" data-widget_type=\"image.default\">\n\t\t\t\t<div class=\"elementor-widget-container\">\n\t\t\t\t\t\t\t\t\t\t\t\t\t\t\t<img loading=\"lazy\" decoding=\"async\" width=\"1024\" height=\"1024\" src=\"https:\/\/fundacionsoymujercolombia.com\/wp-content\/uploads\/2024\/03\/e3c553ce-619a-48c8-92c9-ed983d4d0e6f-1024x1024.jpeg\" class=\"attachment-large size-large wp-image-428\" alt=\"\" srcset=\"https:\/\/fundacionsoymujercolombia.com\/wp-content\/uploads\/2024\/03\/e3c553ce-619a-48c8-92c9-ed983d4d0e6f-1024x1024.jpeg 1024w, https:\/\/fundacionsoymujercolombia.com\/wp-content\/uploads\/2024\/03\/e3c553ce-619a-48c8-92c9-ed983d4d0e6f-300x300.jpeg 300w, https:\/\/fundacionsoymujercolombia.com\/wp-content\/uploads\/2024\/03\/e3c553ce-619a-48c8-92c9-ed983d4d0e6f-100x100.jpeg 100w, https:\/\/fundacionsoymujercolombia.com\/wp-content\/uploads\/2024\/03\/e3c553ce-619a-48c8-92c9-ed983d4d0e6f-600x600.jpeg 600w, https:\/\/fundacionsoymujercolombia.com\/wp-content\/uploads\/2024\/03\/e3c553ce-619a-48c8-92c9-ed983d4d0e6f-150x150.jpeg 150w, https:\/\/fundacionsoymujercolombia.com\/wp-content\/uploads\/2024\/03\/e3c553ce-619a-48c8-92c9-ed983d4d0e6f-768x768.jpeg 768w, https:\/\/fundacionsoymujercolombia.com\/wp-content\/uploads\/2024\/03\/e3c553ce-619a-48c8-92c9-ed983d4d0e6f.jpeg 1080w\" sizes=\"(max-width: 1024px) 100vw, 1024px\" \/>\t\t\t\t\t\t\t\t\t\t\t\t\t\t\t<\/div>\n\t\t\t\t<\/div>\n\t\t\t\t\t<\/div>\n\t\t<\/div>\n\t\t\t\t\t<\/div>\n\t\t<\/section>\n\t\t\t\t<section class=\"elementor-section elementor-top-section elementor-element elementor-element-e01bf93 elementor-section-boxed elementor-section-height-default elementor-section-height-default\" data-id=\"e01bf93\" data-element_type=\"section\" data-e-type=\"section\">\n\t\t\t\t\t\t<div class=\"elementor-container elementor-column-gap-default\">\n\t\t\t\t\t<div class=\"elementor-column elementor-col-100 elementor-top-column elementor-element elementor-element-11537b0\" data-id=\"11537b0\" data-element_type=\"column\" data-e-type=\"column\">\n\t\t\t<div class=\"elementor-widget-wrap elementor-element-populated\">\n\t\t\t\t\t\t<div class=\"elementor-element elementor-element-eaaf79a elementor-widget elementor-widget-image\" data-id=\"eaaf79a\" data-element_type=\"widget\" data-e-type=\"widget\" data-widget_type=\"image.default\">\n\t\t\t\t<div class=\"elementor-widget-container\">\n\t\t\t\t\t\t\t\t\t\t\t\t\t\t\t<img loading=\"lazy\" decoding=\"async\" width=\"576\" height=\"1024\" src=\"https:\/\/fundacionsoymujercolombia.com\/wp-content\/uploads\/2024\/03\/WhatsApp-Image-2024-03-07-at-2.36.23-PM-576x1024.jpeg\" class=\"attachment-large size-large wp-image-263\" alt=\"\" srcset=\"https:\/\/fundacionsoymujercolombia.com\/wp-content\/uploads\/2024\/03\/WhatsApp-Image-2024-03-07-at-2.36.23-PM-576x1024.jpeg 576w, https:\/\/fundacionsoymujercolombia.com\/wp-content\/uploads\/2024\/03\/WhatsApp-Image-2024-03-07-at-2.36.23-PM-600x1067.jpeg 600w, https:\/\/fundacionsoymujercolombia.com\/wp-content\/uploads\/2024\/03\/WhatsApp-Image-2024-03-07-at-2.36.23-PM-169x300.jpeg 169w, https:\/\/fundacionsoymujercolombia.com\/wp-content\/uploads\/2024\/03\/WhatsApp-Image-2024-03-07-at-2.36.23-PM-768x1366.jpeg 768w, https:\/\/fundacionsoymujercolombia.com\/wp-content\/uploads\/2024\/03\/WhatsApp-Image-2024-03-07-at-2.36.23-PM-864x1536.jpeg 864w, https:\/\/fundacionsoymujercolombia.com\/wp-content\/uploads\/2024\/03\/WhatsApp-Image-2024-03-07-at-2.36.23-PM.jpeg 899w\" sizes=\"(max-width: 576px) 100vw, 576px\" \/>\t\t\t\t\t\t\t\t\t\t\t\t\t\t\t<\/div>\n\t\t\t\t<\/div>\n\t\t\t\t\t<\/div>\n\t\t<\/div>\n\t\t\t\t\t<\/div>\n\t\t<\/section>\n\t\t\t\t<\/div>\n\t\t","protected":false},"excerpt":{"rendered":"<p>PUEDES HACER TUS DONACIONES DE LA SIGUIENTE FORMA Gracias a todos&nbsp; por sumarse a esta causa y contribuir desde sus plataformas para llegar a m\u00e1s corazones solidarios!&nbsp; Tambi\u00e9n&nbsp; puedes hacer tu dep\u00f3sito a la cuenta de ahorros&nbsp; Bancolombia&nbsp; #68800006909 Si deseas m\u00e1s informaci\u00f3n puedes comunicarte con nosotras por WhatsApp a la l\u00ednea telef\u00f3nica +57 312 [&hellip;]<\/p>\n","protected":false},"author":1,"featured_media":0,"parent":0,"menu_order":0,"comment_status":"closed","ping_status":"closed","template":"","meta":{"site-sidebar-layout":"default","site-content-layout":"","ast-site-content-layout":"default","site-content-style":"default","site-sidebar-style":"default","ast-global-header-display":"","ast-banner-title-visibility":"","ast-main-header-display":"","ast-hfb-above-header-display":"","ast-hfb-below-header-display":"","ast-hfb-mobile-header-display":"","site-post-title":"","ast-breadcrumbs-content":"","ast-featured-img":"","footer-sml-layout":"","ast-disable-related-posts":"","theme-transparent-header-meta":"","adv-header-id-meta":"","stick-header-meta":"","header-above-stick-meta":"","header-main-stick-meta":"","header-below-stick-meta":"","astra-migrate-meta-layouts":"default","ast-page-background-enabled":"default","ast-page-background-meta":{"desktop":{"background-color":"var(--ast-global-color-4)","background-image":"","background-repeat":"repeat","background-position":"center center","background-size":"auto","background-attachment":"scroll","background-type":"","background-media":"","overlay-type":"","overlay-color":"","overlay-opacity":"","overlay-gradient":""},"tablet":{"background-color":"","background-image":"","background-repeat":"repeat","background-position":"center center","background-size":"auto","background-attachment":"scroll","background-type":"","background-media":"","overlay-type":"","overlay-color":"","overlay-opacity":"","overlay-gradient":""},"mobile":{"background-color":"","background-image":"","background-repeat":"repeat","background-position":"center center","background-size":"auto","background-attachment":"scroll","background-type":"","background-media":"","overlay-type":"","overlay-color":"","overlay-opacity":"","overlay-gradient":""}},"ast-content-background-meta":{"desktop":{"background-color":"var(--ast-global-color-5)","background-image":"","background-repeat":"repeat","background-position":"center center","background-size":"auto","background-attachment":"scroll","background-type":"","background-media":"","overlay-type":"","overlay-color":"","overlay-opacity":"","overlay-gradient":""},"tablet":{"background-color":"var(--ast-global-color-5)","background-image":"","background-repeat":"repeat","background-position":"center center","background-size":"auto","background-attachment":"scroll","background-type":"","background-media":"","overlay-type":"","overlay-color":"","overlay-opacity":"","overlay-gradient":""},"mobile":{"background-color":"var(--ast-global-color-5)","background-image":"","background-repeat":"repeat","background-position":"center center","background-size":"auto","background-attachment":"scroll","background-type":"","background-media":"","overlay-type":"","overlay-color":"","overlay-opacity":"","overlay-gradient":""}},"footnotes":""},"class_list":["post-413","page","type-page","status-publish","hentry"],"jetpack_sharing_enabled":true,"_links":{"self":[{"href":"https:\/\/fundacionsoymujercolombia.com\/index.php\/wp-json\/wp\/v2\/pages\/413","targetHints":{"allow":["GET"]}}],"collection":[{"href":"https:\/\/fundacionsoymujercolombia.com\/index.php\/wp-json\/wp\/v2\/pages"}],"about":[{"href":"https:\/\/fundacionsoymujercolombia.com\/index.php\/wp-json\/wp\/v2\/types\/page"}],"author":[{"embeddable":true,"href":"https:\/\/fundacionsoymujercolombia.com\/index.php\/wp-json\/wp\/v2\/users\/1"}],"replies":[{"embeddable":true,"href":"https:\/\/fundacionsoymujercolombia.com\/index.php\/wp-json\/wp\/v2\/comments?post=413"}],"version-history":[{"count":10,"href":"https:\/\/fundacionsoymujercolombia.com\/index.php\/wp-json\/wp\/v2\/pages\/413\/revisions"}],"predecessor-version":[{"id":431,"href":"https:\/\/fundacionsoymujercolombia.com\/index.php\/wp-json\/wp\/v2\/pages\/413\/revisions\/431"}],"wp:attachment":[{"href":"https:\/\/fundacionsoymujercolombia.com\/index.php\/wp-json\/wp\/v2\/media?parent=413"}],"curies":[{"name":"wp","href":"https:\/\/api.w.org\/{rel}","templated":true}]}}